{"id":266,"date":"2021-06-24T01:34:17","date_gmt":"2021-06-23T23:34:17","guid":{"rendered":"https:\/\/fous-de-garonne.com\/?page_id=266"},"modified":"2025-04-13T22:32:59","modified_gmt":"2025-04-13T20:32:59","slug":"animations-plage-jeux","status":"publish","type":"page","link":"https:\/\/fous-de-garonne.com\/?page_id=266","title":{"rendered":"Fous de Garonne ! Plage, jeux, musique"},"content":{"rendered":"<p>[et_pb_section fb_built=\u00a0\u00bb1&Prime; _builder_version=\u00a0\u00bb4.9.7&Prime; _module_preset=\u00a0\u00bbdefault\u00a0\u00bb background_color=\u00a0\u00bb#FFFFFF\u00a0\u00bb custom_margin=\u00a0\u00bb0px|0px|0px|0px|false|false\u00a0\u00bb custom_padding=\u00a0\u00bb0px|0px|0px|0px|false|false\u00a0\u00bb][et_pb_row _builder_version=\u00a0\u00bb4.9.7&Prime; _module_preset=\u00a0\u00bbdefault\u00a0\u00bb background_color=\u00a0\u00bbRGBA(0,0,0,0)\u00a0\u00bb width=\u00a0\u00bb100%\u00a0\u00bb module_alignment=\u00a0\u00bbcenter\u00a0\u00bb custom_margin=\u00a0\u00bb0px|0px|0px|0px|false|false\u00a0\u00bb custom_padding=\u00a0\u00bb0px|0px|0px|0px|false|false\u00a0\u00bb][et_pb_column type=\u00a0\u00bb4_4&Prime; _builder_version=\u00a0\u00bb4.9.7&Prime; _module_preset=\u00a0\u00bbdefault\u00a0\u00bb][et_pb_nextend_smart_slider_3 slider=\u00a0\u00bb12&Prime; _builder_version=\u00a0\u00bb4.9.7&Prime; _module_preset=\u00a0\u00bbdefault\u00a0\u00bb][\/et_pb_nextend_smart_slider_3][et_pb_menu menu_style=\u00a0\u00bbinline_centered_logo\u00a0\u00bb submenu_direction=\u00a0\u00bbdownwards\u00a0\u00bb active_link_color=\u00a0\u00bb#E02B20&Prime; dropdown_menu_line_color=\u00a0\u00bb#E02B20&Prime; dropdown_menu_text_color=\u00a0\u00bb#000000&Prime; dropdown_menu_active_link_color=\u00a0\u00bb#E02B20&Prime; mobile_menu_text_color=\u00a0\u00bb#000000&Prime; show_search_icon=\u00a0\u00bbon\u00a0\u00bb _builder_version=\u00a0\u00bb4.9.7&Prime; _module_preset=\u00a0\u00bbdefault\u00a0\u00bb menu_font=\u00a0\u00bbAkronim|||on|||||\u00a0\u00bb menu_text_color=\u00a0\u00bb#000000&Prime; menu_font_size=\u00a0\u00bb25px\u00a0\u00bb menu_letter_spacing=\u00a0\u00bb2px\u00a0\u00bb menu_line_height=\u00a0\u00bb1.5em\u00a0\u00bb custom_margin=\u00a0\u00bb7px||||false|false\u00a0\u00bb animation_style=\u00a0\u00bbfade\u00a0\u00bb animation_duration=\u00a0\u00bb1600ms\u00a0\u00bb animation_delay=\u00a0\u00bb300ms\u00a0\u00bb animation_starting_opacity=\u00a0\u00bb10%\u00a0\u00bb hover_enabled=\u00a0\u00bb0&Prime; menu_text_shadow_style=\u00a0\u00bbpreset4&Prime; menu_text_shadow_color=\u00a0\u00bb#FFFFFF\u00a0\u00bb sticky_enabled=\u00a0\u00bb0&Prime;][\/et_pb_menu][\/et_pb_column][\/et_pb_row][\/et_pb_section][et_pb_section fb_built=\u00a0\u00bb1&Prime; disabled_on=\u00a0\u00bboff|off|on\u00a0\u00bb _builder_version=\u00a0\u00bb4.9.7&Prime; _module_preset=\u00a0\u00bbdefault\u00a0\u00bb module_alignment=\u00a0\u00bbcenter\u00a0\u00bb custom_margin=\u00a0\u00bb0px||0px||false|false\u00a0\u00bb custom_padding=\u00a0\u00bb0px||0px||false|false\u00a0\u00bb global_module=\u00a0\u00bb578&Prime; saved_tabs=\u00a0\u00bball\u00a0\u00bb][et_pb_row _builder_version=\u00a0\u00bb4.9.7&Prime; _module_preset=\u00a0\u00bbdefault\u00a0\u00bb][et_pb_column type=\u00a0\u00bb4_4&Prime; _builder_version=\u00a0\u00bb4.9.7&Prime; _module_preset=\u00a0\u00bbdefault\u00a0\u00bb][\/et_pb_column][\/et_pb_row][\/et_pb_section][et_pb_section fb_built=\u00a0\u00bb1&Prime; _builder_version=\u00a0\u00bb4.9.7&Prime; _module_preset=\u00a0\u00bbdefault\u00a0\u00bb width=\u00a0\u00bb100%\u00a0\u00bb min_height=\u00a0\u00bb274.6px\u00a0\u00bb custom_margin=\u00a0\u00bb0px|0px|0px|0px|false|false\u00a0\u00bb custom_padding=\u00a0\u00bb20px|0px|0px|0px|false|false\u00a0\u00bb][et_pb_row column_structure=\u00a0\u00bb2_5,3_5&Prime; use_custom_gutter=\u00a0\u00bbon\u00a0\u00bb gutter_width=\u00a0\u00bb2&Prime; make_equal=\u00a0\u00bbon\u00a0\u00bb _builder_version=\u00a0\u00bb4.9.7&Prime; _module_preset=\u00a0\u00bbdefault\u00a0\u00bb width=\u00a0\u00bb100%\u00a0\u00bb module_alignment=\u00a0\u00bbcenter\u00a0\u00bb custom_margin=\u00a0\u00bb5px|0px|0px|0px|false|false\u00a0\u00bb custom_padding=\u00a0\u00bb0px|30px|2px|30px|false|false\u00a0\u00bb hover_enabled=\u00a0\u00bb0&Prime; max_width=\u00a0\u00bb1372px\u00a0\u00bb sticky_enabled=\u00a0\u00bb0&Prime;][et_pb_column type=\u00a0\u00bb2_5&Prime; _builder_version=\u00a0\u00bb4.9.7&Prime; _module_preset=\u00a0\u00bbdefault\u00a0\u00bb][et_pb_text _builder_version=\u00a0\u00bb4.9.7&Prime; _module_preset=\u00a0\u00bbdefault\u00a0\u00bb text_font=\u00a0\u00bbAlatsi|||on|||||\u00a0\u00bb text_text_color=\u00a0\u00bb#474747&Prime; text_font_size=\u00a0\u00bb35px\u00a0\u00bb text_letter_spacing=\u00a0\u00bb5px\u00a0\u00bb text_line_height=\u00a0\u00bb110%\u00a0\u00bb header_font=\u00a0\u00bbZCOOL KuaiLe||||||||\u00a0\u00bb custom_margin=\u00a0\u00bb82px|||0px|false|false\u00a0\u00bb custom_padding=\u00a0\u00bb2px||||false|false\u00a0\u00bb text_text_shadow_style=\u00a0\u00bbpreset3&Prime;]<\/p>\n<p style=\"text-align: right;\">Un site touristique qui vit toute l&rsquo;ann\u00e9e !<\/p>\n<p>[\/et_pb_text][\/et_pb_column][et_pb_column type=\u00a0\u00bb3_5&Prime; _builder_version=\u00a0\u00bb4.9.7&Prime; _module_preset=\u00a0\u00bbdefault\u00a0\u00bb][et_pb_text _builder_version=\u00a0\u00bb4.9.7&Prime; _module_preset=\u00a0\u00bbdefault\u00a0\u00bb text_font=\u00a0\u00bbAlatsi||||||||\u00a0\u00bb text_text_color=\u00a0\u00bb#0DA0C5&Prime; text_font_size=\u00a0\u00bb19px\u00a0\u00bb text_line_height=\u00a0\u00bb1.8em\u00a0\u00bb header_font=\u00a0\u00bbAlatsi|||on|||||\u00a0\u00bb header_line_height=\u00a0\u00bb1.1em\u00a0\u00bb width=\u00a0\u00bb95%\u00a0\u00bb module_alignment=\u00a0\u00bbcenter\u00a0\u00bb custom_margin=\u00a0\u00bb20px|-117px|||false|false\u00a0\u00bb]<\/p>\n<blockquote>\n<h5 style=\"text-align: justify;\">Pour prolonger votre visite, retrouvez nos ateliers en \u00e9t\u00e9 pour les enfants (sur r\u00e9servation). Les dates seront communiqu\u00e9es dans le courant du mois de mai.<\/h5>\n<p style=\"text-align: justify;\"><span style=\"font-size: 16px;\">Pour compl\u00e9ter la visite de Fous de Garonne, vous pouvez profiter des animations dans le village tout au long de l&rsquo;ann\u00e9e :\u00a0<\/span><\/p>\n<ul>\n<li style=\"text-align: justify;\"><span style=\"font-size: 16px;\"><a href=\"https:\/\/www.valdegaronne-tourisme.com\/activites\/circuit-terra-aventura-et-que-sappelerio-garonne\/\">Un Terra Aventura<\/a>,\u00a0<\/span><\/li>\n<li style=\"text-align: justify;\"><span style=\"font-size: 16px;\">Les balades avec les <a href=\"https:\/\/www.lesbateauxdegaronne.fr\/\">bateaux de Garonne<\/a>.\u00a0<\/span><\/li>\n<\/ul>\n<\/blockquote>\n<p><b><\/b><\/p>\n<p>[\/et_pb_text][\/et_pb_column][\/et_pb_row][\/et_pb_section][et_pb_section fb_built=\u00a0\u00bb1&Prime; _builder_version=\u00a0\u00bb4.9.7&Prime; _module_preset=\u00a0\u00bbdefault\u00a0\u00bb custom_margin=\u00a0\u00bb0px|0px|0px|0px|false|false\u00a0\u00bb custom_padding=\u00a0\u00bb10px|5px|10px|5px|false|false\u00a0\u00bb][et_pb_row column_structure=\u00a0\u00bb1_2,1_2&Prime; _builder_version=\u00a0\u00bb4.9.7&Prime; _module_preset=\u00a0\u00bbdefault\u00a0\u00bb module_alignment=\u00a0\u00bbcenter\u00a0\u00bb][et_pb_column type=\u00a0\u00bb1_2&Prime; _builder_version=\u00a0\u00bb4.9.7&Prime; _module_preset=\u00a0\u00bbdefault\u00a0\u00bb][et_pb_image src=\u00a0\u00bbhttps:\/\/fous-de-garonne.com\/wp-content\/uploads\/2024\/04\/bateaux800.jpg\u00a0\u00bb alt=\u00a0\u00bbbalade bateau garonne\u00a0\u00bb title_text=\u00a0\u00bbbateaux800&Prime; _builder_version=\u00a0\u00bb4.9.7&Prime; _module_preset=\u00a0\u00bbdefault\u00a0\u00bb][\/et_pb_image][\/et_pb_column][et_pb_column type=\u00a0\u00bb1_2&Prime; _builder_version=\u00a0\u00bb4.9.7&Prime; _module_preset=\u00a0\u00bbdefault\u00a0\u00bb][et_pb_image src=\u00a0\u00bbhttps:\/\/fous-de-garonne.com\/wp-content\/uploads\/2024\/04\/atelier-fusee_800.jpg\u00a0\u00bb alt=\u00a0\u00bbatelier vacances enfant lot et Garonne\u00a0\u00bb title_text=\u00a0\u00bbatelier-fusee_800&Prime; align=\u00a0\u00bbcenter\u00a0\u00bb _builder_version=\u00a0\u00bb4.9.7&Prime; _module_preset=\u00a0\u00bbdefault\u00a0\u00bb width=\u00a0\u00bb67%\u00a0\u00bb max_width=\u00a0\u00bb100%\u00a0\u00bb module_alignment=\u00a0\u00bbcenter\u00a0\u00bb custom_margin=\u00a0\u00bb5px||5px||false|false\u00a0\u00bb custom_padding=\u00a0\u00bb0px||||false|false\u00a0\u00bb][\/et_pb_image][\/et_pb_column][\/et_pb_row][\/et_pb_section]<\/p>\n","protected":false},"excerpt":{"rendered":"<p>[et_pb_section fb_built=\u00a0\u00bb1&Prime; _builder_version=\u00a0\u00bb4.9.7&Prime; _module_preset=\u00a0\u00bbdefault\u00a0\u00bb background_color=\u00a0\u00bb#FFFFFF\u00a0\u00bb custom_margin=\u00a0\u00bb0px|0px|0px|0px|false|false\u00a0\u00bb custom_padding=\u00a0\u00bb0px|0px|0px|0px|false|false\u00a0\u00bb][et_pb_row _builder_version=\u00a0\u00bb4.9.7&Prime; _module_preset=\u00a0\u00bbdefault\u00a0\u00bb background_color=\u00a0\u00bbRGBA(0,0,0,0)\u00a0\u00bb width=\u00a0\u00bb100%\u00a0\u00bb module_alignment=\u00a0\u00bbcenter\u00a0\u00bb custom_margin=\u00a0\u00bb0px|0px|0px|0px|false|false\u00a0\u00bb custom_padding=\u00a0\u00bb0px|0px|0px|0px|false|false\u00a0\u00bb][et_pb_column type=\u00a0\u00bb4_4&Prime; _builder_version=\u00a0\u00bb4.9.7&Prime; _module_preset=\u00a0\u00bbdefault\u00a0\u00bb][et_pb_nextend_smart_slider_3 slider=\u00a0\u00bb12&Prime; _builder_version=\u00a0\u00bb4.9.7&Prime; _module_preset=\u00a0\u00bbdefault\u00a0\u00bb][\/et_pb_nextend_smart_slider_3][et_pb_menu menu_style=\u00a0\u00bbinline_centered_logo\u00a0\u00bb submenu_direction=\u00a0\u00bbdownwards\u00a0\u00bb active_link_color=\u00a0\u00bb#E02B20&Prime; dropdown_menu_line_color=\u00a0\u00bb#E02B20&Prime; dropdown_menu_text_color=\u00a0\u00bb#000000&Prime; dropdown_menu_active_link_color=\u00a0\u00bb#E02B20&Prime; mobile_menu_text_color=\u00a0\u00bb#000000&Prime; show_search_icon=\u00a0\u00bbon\u00a0\u00bb _builder_version=\u00a0\u00bb4.9.7&Prime; _module_preset=\u00a0\u00bbdefault\u00a0\u00bb menu_font=\u00a0\u00bbAkronim|||on|||||\u00a0\u00bb menu_text_color=\u00a0\u00bb#000000&Prime; menu_font_size=\u00a0\u00bb25px\u00a0\u00bb menu_letter_spacing=\u00a0\u00bb2px\u00a0\u00bb menu_line_height=\u00a0\u00bb1.5em\u00a0\u00bb custom_margin=\u00a0\u00bb7px||||false|false\u00a0\u00bb animation_style=\u00a0\u00bbfade\u00a0\u00bb animation_duration=\u00a0\u00bb1600ms\u00a0\u00bb animation_delay=\u00a0\u00bb300ms\u00a0\u00bb animation_starting_opacity=\u00a0\u00bb10%\u00a0\u00bb hover_enabled=\u00a0\u00bb0&Prime; menu_text_shadow_style=\u00a0\u00bbpreset4&Prime; menu_text_shadow_color=\u00a0\u00bb#FFFFFF\u00a0\u00bb sticky_enabled=\u00a0\u00bb0&Prime;][\/et_pb_menu][\/et_pb_column][\/et_pb_row][\/et_pb_section][et_pb_section fb_built=\u00a0\u00bb1&Prime; disabled_on=\u00a0\u00bboff|off|on\u00a0\u00bb _builder_version=\u00a0\u00bb4.9.7&Prime; _module_preset=\u00a0\u00bbdefault\u00a0\u00bb module_alignment=\u00a0\u00bbcenter\u00a0\u00bb custom_margin=\u00a0\u00bb0px||0px||false|false\u00a0\u00bb custom_padding=\u00a0\u00bb0px||0px||false|false\u00a0\u00bb global_module=\u00a0\u00bb578&Prime; saved_tabs=\u00a0\u00bball\u00a0\u00bb][et_pb_row _builder_version=\u00a0\u00bb4.9.7&Prime; _module_preset=\u00a0\u00bbdefault\u00a0\u00bb][et_pb_column [&hellip;]<\/p>\n","protected":false},"author":2,"featured_media":0,"parent":0,"menu_order":0,"comment_status":"closed","ping_status":"closed","template":"","meta":{"_et_pb_use_builder":"on","_et_pb_old_content":"","_et_gb_content_width":"","footnotes":""},"class_list":["post-266","page","type-page","status-publish","hentry"],"_links":{"self":[{"href":"https:\/\/fous-de-garonne.com\/index.php?rest_route=\/wp\/v2\/pages\/266","targetHints":{"allow":["GET"]}}],"collection":[{"href":"https:\/\/fous-de-garonne.com\/index.php?rest_route=\/wp\/v2\/pages"}],"about":[{"href":"https:\/\/fous-de-garonne.com\/index.php?rest_route=\/wp\/v2\/types\/page"}],"author":[{"embeddable":true,"href":"https:\/\/fous-de-garonne.com\/index.php?rest_route=\/wp\/v2\/users\/2"}],"replies":[{"embeddable":true,"href":"https:\/\/fous-de-garonne.com\/index.php?rest_route=%2Fwp%2Fv2%2Fcomments&post=266"}],"version-history":[{"count":42,"href":"https:\/\/fous-de-garonne.com\/index.php?rest_route=\/wp\/v2\/pages\/266\/revisions"}],"predecessor-version":[{"id":1326,"href":"https:\/\/fous-de-garonne.com\/index.php?rest_route=\/wp\/v2\/pages\/266\/revisions\/1326"}],"wp:attachment":[{"href":"https:\/\/fous-de-garonne.com\/index.php?rest_route=%2Fwp%2Fv2%2Fmedia&parent=266"}],"curies":[{"name":"wp","href":"https:\/\/api.w.org\/{rel}","templated":true}]}}