{"id":298,"date":"2021-06-24T10:17:56","date_gmt":"2021-06-24T08:17:56","guid":{"rendered":"https:\/\/fous-de-garonne.com\/?page_id=298"},"modified":"2026-04-03T09:29:07","modified_gmt":"2026-04-03T07:29:07","slug":"couthures-sur-garonne","status":"publish","type":"page","link":"https:\/\/fous-de-garonne.com\/?page_id=298","title":{"rendered":"Fous de Garonne ! Attachant village de couthures sur garonne"},"content":{"rendered":"<p>[et_pb_section fb_built=\u00a0\u00bb1&Prime; _builder_version=\u00a0\u00bb4.9.7&Prime; _module_preset=\u00a0\u00bbdefault\u00a0\u00bb background_color=\u00a0\u00bb#FFFFFF\u00a0\u00bb custom_margin=\u00a0\u00bb0px|0px|0px|0px|false|false\u00a0\u00bb custom_padding=\u00a0\u00bb0px|0px|0px|0px|false|false\u00a0\u00bb][et_pb_row _builder_version=\u00a0\u00bb4.9.7&Prime; _module_preset=\u00a0\u00bbdefault\u00a0\u00bb background_color=\u00a0\u00bbRGBA(0,0,0,0)\u00a0\u00bb width=\u00a0\u00bb100%\u00a0\u00bb module_alignment=\u00a0\u00bbcenter\u00a0\u00bb custom_margin=\u00a0\u00bb0px|0px|0px|0px|false|false\u00a0\u00bb custom_padding=\u00a0\u00bb0px|0px|0px|0px|false|false\u00a0\u00bb][et_pb_column type=\u00a0\u00bb4_4&Prime; _builder_version=\u00a0\u00bb4.9.7&Prime; _module_preset=\u00a0\u00bbdefault\u00a0\u00bb][et_pb_nextend_smart_slider_3 slider=\u00a0\u00bb14&Prime; _builder_version=\u00a0\u00bb4.9.7&Prime; _module_preset=\u00a0\u00bbdefault\u00a0\u00bb][\/et_pb_nextend_smart_slider_3][et_pb_menu menu_style=\u00a0\u00bbinline_centered_logo\u00a0\u00bb active_link_color=\u00a0\u00bb#E02B20&Prime; dropdown_menu_line_color=\u00a0\u00bb#E02B20&Prime; dropdown_menu_text_color=\u00a0\u00bb#000000&Prime; dropdown_menu_active_link_color=\u00a0\u00bb#E02B20&Prime; mobile_menu_text_color=\u00a0\u00bb#000000&Prime; _builder_version=\u00a0\u00bb4.9.7&Prime; _module_preset=\u00a0\u00bbdefault\u00a0\u00bb menu_font=\u00a0\u00bbAkronim|||on|||||\u00a0\u00bb menu_text_color=\u00a0\u00bb#000000&Prime; menu_font_size=\u00a0\u00bb25px\u00a0\u00bb menu_letter_spacing=\u00a0\u00bb2px\u00a0\u00bb menu_line_height=\u00a0\u00bb1.5em\u00a0\u00bb min_height=\u00a0\u00bb55px\u00a0\u00bb custom_margin=\u00a0\u00bb7px||25px||false|false\u00a0\u00bb animation_style=\u00a0\u00bbfade\u00a0\u00bb animation_duration=\u00a0\u00bb1600ms\u00a0\u00bb animation_delay=\u00a0\u00bb300ms\u00a0\u00bb animation_starting_opacity=\u00a0\u00bb10%\u00a0\u00bb hover_enabled=\u00a0\u00bb0&Prime; sticky_enabled=\u00a0\u00bb0&Prime;][\/et_pb_menu][\/et_pb_column][\/et_pb_row][\/et_pb_section][et_pb_section fb_built=\u00a0\u00bb1&Prime; _builder_version=\u00a0\u00bb4.9.7&Prime; _module_preset=\u00a0\u00bbdefault\u00a0\u00bb width=\u00a0\u00bb100%\u00a0\u00bb overflow-x=\u00a0\u00bbhidden\u00a0\u00bb custom_margin=\u00a0\u00bb0px|0px|0px|0px|false|false\u00a0\u00bb custom_padding=\u00a0\u00bb0px|0px|0px|0px|false|false\u00a0\u00bb][et_pb_row _builder_version=\u00a0\u00bb4.9.7&Prime; _module_preset=\u00a0\u00bbdefault\u00a0\u00bb width=\u00a0\u00bb100%\u00a0\u00bb module_alignment=\u00a0\u00bbcenter\u00a0\u00bb custom_margin=\u00a0\u00bb-30px|0px|0px|0px|false|false\u00a0\u00bb custom_padding=\u00a0\u00bb0px|0px|0px|0px|false|false\u00a0\u00bb][et_pb_column type=\u00a0\u00bb4_4&Prime; _builder_version=\u00a0\u00bb4.9.7&Prime; _module_preset=\u00a0\u00bbdefault\u00a0\u00bb][et_pb_nextend_smart_slider_3 slider=\u00a0\u00bb5&Prime; disabled_on=\u00a0\u00bbon|off|off\u00a0\u00bb _builder_version=\u00a0\u00bb4.9.7&Prime; _module_preset=\u00a0\u00bbdefault\u00a0\u00bb][\/et_pb_nextend_smart_slider_3][\/et_pb_column][\/et_pb_row][\/et_pb_section][et_pb_section fb_built=\u00a0\u00bb1&Prime; inner_shadow=\u00a0\u00bbon\u00a0\u00bb _builder_version=\u00a0\u00bb4.9.7&Prime; _module_preset=\u00a0\u00bbdefault\u00a0\u00bb width=\u00a0\u00bb100%\u00a0\u00bb custom_margin=\u00a0\u00bb0px|0px|0px|0px|false|false\u00a0\u00bb custom_padding=\u00a0\u00bb20px|0px|0px|0px|false|false\u00a0\u00bb collapsed=\u00a0\u00bboff\u00a0\u00bb][et_pb_row column_structure=\u00a0\u00bb1_2,1_2&Prime; use_custom_gutter=\u00a0\u00bbon\u00a0\u00bb gutter_width=\u00a0\u00bb2&Prime; make_equal=\u00a0\u00bbon\u00a0\u00bb disabled_on=\u00a0\u00bboff|on|on\u00a0\u00bb _builder_version=\u00a0\u00bb4.9.7&Prime; _module_preset=\u00a0\u00bbdefault\u00a0\u00bb width=\u00a0\u00bb100%\u00a0\u00bb module_alignment=\u00a0\u00bbcenter\u00a0\u00bb custom_margin=\u00a0\u00bb0px|0px|0px|0px|false|false\u00a0\u00bb custom_padding=\u00a0\u00bb0px|30px|0px|30px|false|false\u00a0\u00bb][et_pb_column type=\u00a0\u00bb1_2&Prime; _builder_version=\u00a0\u00bb4.9.7&Prime; _module_preset=\u00a0\u00bbdefault\u00a0\u00bb][et_pb_text _builder_version=\u00a0\u00bb4.9.7&Prime; _module_preset=\u00a0\u00bbdefault\u00a0\u00bb text_font=\u00a0\u00bbAlatsi|||on|||||\u00a0\u00bb text_text_color=\u00a0\u00bb#000000&Prime; text_font_size=\u00a0\u00bb19px\u00a0\u00bb text_line_height=\u00a0\u00bb110%\u00a0\u00bb custom_margin=\u00a0\u00bb28px|||||\u00a0\u00bb text_letter_spacing__hover_enabled=\u00a0\u00bbon|desktop\u00a0\u00bb]<\/p>\n<blockquote>\n<h1>Un village inond\u00e9&#8230; m\u00eame pas peur ?<\/h1>\n<\/blockquote>\n<p>[\/et_pb_text][et_pb_text _builder_version=\u00a0\u00bb4.9.7&Prime; _module_preset=\u00a0\u00bbdefault\u00a0\u00bb text_font=\u00a0\u00bbAlatsi||||||||\u00a0\u00bb text_text_color=\u00a0\u00bb#474747&Prime; text_font_size=\u00a0\u00bb17px\u00a0\u00bb width=\u00a0\u00bb100%\u00a0\u00bb custom_margin=\u00a0\u00bb25px|0px|0px|0px|false|false\u00a0\u00bb custom_padding=\u00a0\u00bb0px|0px|31px|0px|false|false\u00a0\u00bb]<\/p>\n<p style=\"text-align: justify;\">Charmant village du Lot-et-Garonne de 390 \u00e2mes, o\u00f9 il fait bon fl\u00e2ner l\u2019\u00e9t\u00e9, les \u00e9pisodes pluvieux de l\u2019hiver le mettent r\u00e9guli\u00e8rement \u00e0 la Une de l\u2019actualit\u00e9 lors des crues et font de lui une \u00eele totalement coup\u00e9e du monde !<\/p>\n<p style=\"text-align: justify;\">Parfaitement organis\u00e9s, les habitants vivent ici \u00e0 l\u2019\u00e9coute de ce ph\u00e9nom\u00e8ne naturel.<br \/>Venez vite nous voir, ils vont tout vous expliquer !<\/p>\n<p>[\/et_pb_text][et_pb_image src=\u00a0\u00bbhttps:\/\/fous-de-garonne.com\/wp-content\/uploads\/2021\/06\/fillette_question500.png\u00a0\u00bb alt=\u00a0\u00bbnature garonne brochet\u00a0\u00bb title_text=\u00a0\u00bbfillette_question500&Prime; align=\u00a0\u00bbcenter\u00a0\u00bb _builder_version=\u00a0\u00bb4.9.7&Prime; _module_preset=\u00a0\u00bbdefault\u00a0\u00bb animation_style=\u00a0\u00bbfold\u00a0\u00bb animation_direction=\u00a0\u00bbleft\u00a0\u00bb][\/et_pb_image][\/et_pb_column][et_pb_column type=\u00a0\u00bb1_2&Prime; _builder_version=\u00a0\u00bb4.9.7&Prime; _module_preset=\u00a0\u00bbdefault\u00a0\u00bb][et_pb_text _builder_version=\u00a0\u00bb4.9.7&Prime; _module_preset=\u00a0\u00bbdefault\u00a0\u00bb text_font=\u00a0\u00bbAlatsi|||on|||||\u00a0\u00bb text_text_color=\u00a0\u00bb#000000&Prime; text_font_size=\u00a0\u00bb19px\u00a0\u00bb text_line_height=\u00a0\u00bb110%\u00a0\u00bb custom_margin=\u00a0\u00bb28px|||||\u00a0\u00bb text_letter_spacing__hover_enabled=\u00a0\u00bbon|desktop\u00a0\u00bb]<\/p>\n<blockquote>\n<h1>Une exp\u00e9rience \u00e9tonnante \u00e0 vivre&#8230;<\/h1>\n<\/blockquote>\n<p>[\/et_pb_text][et_pb_text _builder_version=\u00a0\u00bb4.9.7&Prime; _module_preset=\u00a0\u00bbdefault\u00a0\u00bb text_font=\u00a0\u00bbAlatsi||||||||\u00a0\u00bb text_text_color=\u00a0\u00bb#474747&Prime; text_font_size=\u00a0\u00bb17px\u00a0\u00bb width=\u00a0\u00bb100%\u00a0\u00bb custom_margin=\u00a0\u00bb25px|0px|0px|0px|false|false\u00a0\u00bb custom_padding=\u00a0\u00bb0px|0px|0px|0px|false|false\u00a0\u00bb]<\/p>\n<p>Des poissons qui parlent, une maison inond\u00e9e, un \u00e9cosyst\u00e8me 3D, une corde g\u00e9ante qui enlace les b\u00e2timents, vivez une exp\u00e9rience immersive unique en Lot-et-Garonne&#8230;<\/p>\n<p>[\/et_pb_text][et_pb_image src=\u00a0\u00bbhttps:\/\/fous-de-garonne.com\/wp-content\/uploads\/2021\/06\/inondation-nb_B2.png\u00a0\u00bb alt=\u00a0\u00bbcrue couthures garonne\u00a0\u00bb title_text=\u00a0\u00bbinondation-nb_B2&Prime; force_fullwidth=\u00a0\u00bbon\u00a0\u00bb _builder_version=\u00a0\u00bb4.9.7&Prime; _module_preset=\u00a0\u00bbdefault\u00a0\u00bb module_alignment=\u00a0\u00bbcenter\u00a0\u00bb custom_margin=\u00a0\u00bb0px|0px|0px|0px|false|false\u00a0\u00bb custom_padding=\u00a0\u00bb0px|0px|0px|0px|false|false\u00a0\u00bb][\/et_pb_image][et_pb_text _builder_version=\u00a0\u00bb4.9.7&Prime; _module_preset=\u00a0\u00bbdefault\u00a0\u00bb text_font=\u00a0\u00bbAlatsi||||||||\u00a0\u00bb text_text_color=\u00a0\u00bb#474747&Prime; text_font_size=\u00a0\u00bb17px\u00a0\u00bb text_line_height=\u00a0\u00bb1.8em\u00a0\u00bb width=\u00a0\u00bb100%\u00a0\u00bb custom_margin=\u00a0\u00bb-2px|0px|0px|0px|false|false\u00a0\u00bb custom_padding=\u00a0\u00bb0px|0px|31px|0px|false|false\u00a0\u00bb]<\/p>\n<blockquote>\n<h1 style=\"text-align: justify;\">\u00c0 Couthures, les habitants sont tous fous de \u00ab\u00a0Dame Garonne\u00a0\u00bb !<\/h1>\n<\/blockquote>\n<p style=\"text-align: justify;\">Cet amour vous le retrouverez dans la visite de Fous de Garonne avec trois immersions :<\/p>\n<p style=\"text-align: justify;\"><span style=\"color: #000000;\">\u21d2<strong> BILLET Exp\u00e9rience + [1h30] <\/strong><\/span>: Vivez une immersion compl\u00e8te pour tout savoir sur le fleuve et ses caprices avec au programme 4 salles \u00e0 visiter :<\/p>\n<ul style=\"text-align: justify;\">\n<li><strong>Espace 1<\/strong> &gt; Plongez dans le monde L\u00e9a avec un mapping vid\u00e9o g\u00e9ant,<\/li>\n<li><strong>Espace 2<\/strong> &gt; D\u00e9couvez comment on se pr\u00e9pare \u00e0 affronter une inondation de Dame Garonne avec maquette anim\u00e9e du village,<\/li>\n<li><strong>Espace 3<\/strong> &gt; Apprenez \u00e0 d\u00e9couvrir la vie film du fleuve et des gens du fleuve avec un film 3D),<\/li>\n<li><strong>Espace 4<\/strong> &gt; Embarquez en bateau avec les sauveteurs de Couthures-sur-Garonne pour une exp\u00e9rience en 360 degr\u00e9s.<\/li>\n<\/ul>\n<p style=\"text-align: justify;\">\u21d2<strong> BILLET Exp\u00e9rience Access [1h15]<\/strong> : 3 salles \u00e0 d\u00e9couvrir pour une d\u00e9couverte de la Garonne :<\/p>\n<ul style=\"text-align: justify;\">\n<li><strong>Espace 1<\/strong> &gt; Plongez dans le monde L\u00e9a avec un mapping vid\u00e9o g\u00e9ant,<\/li>\n<li><strong>Espace 2<\/strong> &gt; D\u00e9couvez comment on se pr\u00e9pare \u00e0 affronter une inondation de Dame Garonne avec maquette anim\u00e9e du village,<\/li>\n<li><strong>Espace 3<\/strong> &gt; Apprenez \u00e0 d\u00e9couvrir la vie film du fleuve et des gens du fleuve avec un film 3D),<\/li>\n<\/ul>\n<p style=\"text-align: justify;\">\u21d2<strong> BILLET Oculus solo [15 mn]<\/strong> :<\/p>\n<ul style=\"text-align: justify;\">\n<li><strong>Espace 4<\/strong> &gt; Embarquez en bateau avec les sauveteurs de Couthures-sur-Garonne pour une exp\u00e9rience en 360 degr\u00e9s.<\/li>\n<\/ul>\n<p style=\"text-align: justify;\">Et pour go\u00fbter \u00e0 l&rsquo;atmosph\u00e8re de Foius de Garonne, vous pouvez profiter d&rsquo;une terrasse surplombant le fleuve, id\u00e9ale pour un moment de d\u00e9tente en solo, en duo, en famille ou entre amis&#8230;<\/p>\n<p>[\/et_pb_text][\/et_pb_column][\/et_pb_row][et_pb_row column_structure=\u00a0\u00bb1_2,1_2&Prime; use_custom_gutter=\u00a0\u00bbon\u00a0\u00bb gutter_width=\u00a0\u00bb2&Prime; make_equal=\u00a0\u00bbon\u00a0\u00bb _builder_version=\u00a0\u00bb4.9.7&Prime; _module_preset=\u00a0\u00bbdefault\u00a0\u00bb width=\u00a0\u00bb100%\u00a0\u00bb module_alignment=\u00a0\u00bbcenter\u00a0\u00bb custom_margin=\u00a0\u00bb0px|0px|0px|0px|false|false\u00a0\u00bb custom_padding=\u00a0\u00bb0px|30px|2px|30px|false|false\u00a0\u00bb][et_pb_column type=\u00a0\u00bb1_2&Prime; _builder_version=\u00a0\u00bb4.9.7&Prime; _module_preset=\u00a0\u00bbdefault\u00a0\u00bb][et_pb_image src=\u00a0\u00bbhttps:\/\/fous-de-garonne.com\/wp-content\/uploads\/2021\/06\/2ph-coutures.jpg\u00a0\u00bb alt=\u00a0\u00bbnature garonne brochet\u00a0\u00bb title_text=\u00a0\u00bb2ph-coutures\u00a0\u00bb align=\u00a0\u00bbcenter\u00a0\u00bb _builder_version=\u00a0\u00bb4.9.7&Prime; _module_preset=\u00a0\u00bbdefault\u00a0\u00bb animation_style=\u00a0\u00bbfold\u00a0\u00bb animation_direction=\u00a0\u00bbleft\u00a0\u00bb][\/et_pb_image][\/et_pb_column][et_pb_column type=\u00a0\u00bb1_2&Prime; _builder_version=\u00a0\u00bb4.9.7&Prime; _module_preset=\u00a0\u00bbdefault\u00a0\u00bb][et_pb_text _builder_version=\u00a0\u00bb4.9.7&Prime; _module_preset=\u00a0\u00bbdefault\u00a0\u00bb text_font=\u00a0\u00bbAlatsi|||on|||||\u00a0\u00bb text_text_color=\u00a0\u00bb#E06100&Prime; text_font_size=\u00a0\u00bb35px\u00a0\u00bb text_line_height=\u00a0\u00bb110%\u00a0\u00bb custom_margin=\u00a0\u00bb28px|||||\u00a0\u00bb]<\/p>\n<blockquote>\n<h1>Un village si particulier&#8230;<\/h1>\n<\/blockquote>\n<p>[\/et_pb_text][et_pb_text _builder_version=\u00a0\u00bb4.9.7&Prime; _module_preset=\u00a0\u00bbdefault\u00a0\u00bb text_font=\u00a0\u00bbAlatsi||||||||\u00a0\u00bb text_text_color=\u00a0\u00bb#474747&Prime; text_font_size=\u00a0\u00bb17px\u00a0\u00bb width=\u00a0\u00bb100%\u00a0\u00bb custom_margin=\u00a0\u00bb25px|0px|0px|0px|false|false\u00a0\u00bb custom_padding=\u00a0\u00bb0px|0px|31px|0px|false|false\u00a0\u00bb]<\/p>\n<p><span>Une vie en lien \u00e9troit avec le fleuve&#8230; \u201cGaronne\u201d comme on l&rsquo;appelle ici affectueusement, comme une personne qui fait partie du quotidien de chacun, et qui a ses humeurs !<\/span><\/p>\n<p>[\/et_pb_text][et_pb_image src=\u00a0\u00bbhttps:\/\/fous-de-garonne.com\/wp-content\/uploads\/2025\/04\/BATEAU.jpg\u00a0\u00bb alt=\u00a0\u00bbtournage vr\u00a0\u00bb title_text=\u00a0\u00bbBATEAU\u00a0\u00bb _builder_version=\u00a0\u00bb4.9.7&Prime; _module_preset=\u00a0\u00bbdefault\u00a0\u00bb module_alignment=\u00a0\u00bbcenter\u00a0\u00bb custom_margin=\u00a0\u00bb0px|0px|0px|0px|false|false\u00a0\u00bb custom_padding=\u00a0\u00bb0px|0px|0px|0px|false|false\u00a0\u00bb][\/et_pb_image][\/et_pb_column][\/et_pb_row][et_pb_row column_structure=\u00a0\u00bb1_2,1_2&Prime; _builder_version=\u00a0\u00bb4.9.7&Prime; _module_preset=\u00a0\u00bbdefault\u00a0\u00bb background_image=\u00a0\u00bbhttps:\/\/fous-de-garonne.com\/wp-content\/uploads\/2021\/06\/vue-bords-garonne-fleurs.jpg\u00a0\u00bb parallax=\u00a0\u00bbon\u00a0\u00bb width=\u00a0\u00bb100%\u00a0\u00bb max_width=\u00a0\u00bb1360px\u00a0\u00bb min_height=\u00a0\u00bb250px\u00a0\u00bb height=\u00a0\u00bb350px\u00a0\u00bb max_height=\u00a0\u00bb350px\u00a0\u00bb][et_pb_column type=\u00a0\u00bb1_2&Prime; _builder_version=\u00a0\u00bb4.9.7&Prime; _module_preset=\u00a0\u00bbdefault\u00a0\u00bb][\/et_pb_column][et_pb_column type=\u00a0\u00bb1_2&Prime; _builder_version=\u00a0\u00bb4.9.7&Prime; _module_preset=\u00a0\u00bbdefault\u00a0\u00bb][\/et_pb_column][\/et_pb_row][et_pb_row column_structure=\u00a0\u00bb1_2,1_2&Prime; _builder_version=\u00a0\u00bb4.9.7&Prime; _module_preset=\u00a0\u00bbdefault\u00a0\u00bb background_color=\u00a0\u00bb#936E62&Prime; width=\u00a0\u00bb100%\u00a0\u00bb min_height=\u00a0\u00bb100px\u00a0\u00bb custom_margin=\u00a0\u00bb40px|auto||auto||\u00a0\u00bb][et_pb_column type=\u00a0\u00bb1_2&Prime; _builder_version=\u00a0\u00bb4.9.7&Prime; _module_preset=\u00a0\u00bbdefault\u00a0\u00bb][et_pb_image src=\u00a0\u00bbhttps:\/\/fous-de-garonne.com\/wp-content\/uploads\/2021\/06\/diapo-inondations_passe_A.jpg\u00a0\u00bb alt=\u00a0\u00bbnature garonne brochet\u00a0\u00bb title_text=\u00a0\u00bbdiapo-inondations_passe_A\u00a0\u00bb align=\u00a0\u00bbcenter\u00a0\u00bb _builder_version=\u00a0\u00bb4.9.7&Prime; _module_preset=\u00a0\u00bbdefault\u00a0\u00bb width=\u00a0\u00bb86%\u00a0\u00bb max_width=\u00a0\u00bb86%\u00a0\u00bb custom_margin=\u00a0\u00bb-50px||0px|25px|false|false\u00a0\u00bb custom_padding=\u00a0\u00bb0px|0px|0px|0px|false|false\u00a0\u00bb animation_style=\u00a0\u00bbfold\u00a0\u00bb animation_direction=\u00a0\u00bbleft\u00a0\u00bb box_shadow_style=\u00a0\u00bbpreset1&Prime;][\/et_pb_image][\/et_pb_column][et_pb_column type=\u00a0\u00bb1_2&Prime; _builder_version=\u00a0\u00bb4.9.7&Prime; _module_preset=\u00a0\u00bbdefault\u00a0\u00bb][et_pb_text _builder_version=\u00a0\u00bb4.9.7&Prime; _module_preset=\u00a0\u00bbdefault\u00a0\u00bb text_font=\u00a0\u00bbAlatsi||||||||\u00a0\u00bb text_text_color=\u00a0\u00bb#FFFFFF\u00a0\u00bb text_font_size=\u00a0\u00bb17px\u00a0\u00bb text_line_height=\u00a0\u00bb1.8em\u00a0\u00bb width=\u00a0\u00bb94%\u00a0\u00bb max_width=\u00a0\u00bb94%\u00a0\u00bb module_alignment=\u00a0\u00bbcenter\u00a0\u00bb custom_margin=\u00a0\u00bb|-1px|7px|-7px|false|false\u00a0\u00bb custom_padding=\u00a0\u00bb41px|37px|0px|69px|false|false\u00a0\u00bb inline_fonts=\u00a0\u00bbAlatsi\u00a0\u00bb]<\/p>\n<blockquote>\n<h1><span style=\"font-family: Alatsi; font-weight: normal;\">Sous les feux des projecteurs lors des inondations !<\/span><\/h1>\n<\/blockquote>\n<p style=\"text-align: justify;\"><span style=\"font-family: Alatsi;\">Si certains d&rsquo;entre vous connaissent Couthures-sur-Garonne, il y a fort \u00e0 parier que c&rsquo;est au travers des nombreux reportages qui lui sont consacr\u00e9s lors des \u00e9pisodes de crue.\u00a0<\/span><\/p>\n<p style=\"text-align: justify;\"><span style=\"font-family: Alatsi;\">D\u00e8s lors, on peut aujourd&rsquo;hui dire que ce risque de crue est dans l&rsquo;ADN des Couthurains qui partagent ce savoir, en grande partie constitu\u00e9 d&rsquo;anticipation, d&rsquo;organisation et de solidarit\u00e9.<\/span><\/p>\n<p style=\"text-align: justify;\">\n<p>[\/et_pb_text][\/et_pb_column][\/et_pb_row][\/et_pb_section][et_pb_section fb_built=\u00a0\u00bb1&Prime; _builder_version=\u00a0\u00bb4.9.7&Prime; _module_preset=\u00a0\u00bbdefault\u00a0\u00bb custom_padding=\u00a0\u00bb1px||0px|||\u00a0\u00bb][et_pb_row column_structure=\u00a0\u00bb1_3,1_3,1_3&Prime; _builder_version=\u00a0\u00bb4.9.7&Prime; _module_preset=\u00a0\u00bbdefault\u00a0\u00bb background_color=\u00a0\u00bb#936e62&Prime; width=\u00a0\u00bb100%\u00a0\u00bb custom_padding=\u00a0\u00bb0px|||||\u00a0\u00bb][et_pb_column type=\u00a0\u00bb1_3&Prime; _builder_version=\u00a0\u00bb4.9.7&Prime; _module_preset=\u00a0\u00bbdefault\u00a0\u00bb][et_pb_image src=\u00a0\u00bbhttps:\/\/fous-de-garonne.com\/wp-content\/uploads\/2021\/06\/x1080.jpg\u00a0\u00bb title_text=\u00a0\u00bbx1080&Prime; _builder_version=\u00a0\u00bb4.9.7&Prime; _module_preset=\u00a0\u00bbdefault\u00a0\u00bb][\/et_pb_image][\/et_pb_column][et_pb_column type=\u00a0\u00bb1_3&Prime; _builder_version=\u00a0\u00bb4.9.7&Prime; _module_preset=\u00a0\u00bbdefault\u00a0\u00bb][et_pb_image src=\u00a0\u00bbhttps:\/\/fous-de-garonne.com\/wp-content\/uploads\/2021\/06\/x240.jpg\u00a0\u00bb title_text=\u00a0\u00bbx240&Prime; align=\u00a0\u00bbcenter\u00a0\u00bb _builder_version=\u00a0\u00bb4.9.7&Prime; _module_preset=\u00a0\u00bbdefault\u00a0\u00bb custom_margin=\u00a0\u00bb||16px|||\u00a0\u00bb][\/et_pb_image][\/et_pb_column][et_pb_column type=\u00a0\u00bb1_3&Prime; _builder_version=\u00a0\u00bb4.9.7&Prime; _module_preset=\u00a0\u00bbdefault\u00a0\u00bb][et_pb_image src=\u00a0\u00bbhttps:\/\/fous-de-garonne.com\/wp-content\/uploads\/2021\/06\/Inondations-la-commune-de-Couthures-sur-Garonne-completement-encerclee-par-les-eaux-962108.jpg\u00a0\u00bb title_text=\u00a0\u00bbInondations-la-commune-de-Couthures-sur-Garonne-completement-encerclee-par-les-eaux-962108&Prime; _builder_version=\u00a0\u00bb4.9.7&Prime; _module_preset=\u00a0\u00bbdefault\u00a0\u00bb][\/et_pb_image][\/et_pb_column][\/et_pb_row][\/et_pb_section]<\/p>\n","protected":false},"excerpt":{"rendered":"<p>[et_pb_section fb_built=\u00a0\u00bb1&Prime; _builder_version=\u00a0\u00bb4.9.7&Prime; _module_preset=\u00a0\u00bbdefault\u00a0\u00bb background_color=\u00a0\u00bb#FFFFFF\u00a0\u00bb custom_margin=\u00a0\u00bb0px|0px|0px|0px|false|false\u00a0\u00bb custom_padding=\u00a0\u00bb0px|0px|0px|0px|false|false\u00a0\u00bb][et_pb_row _builder_version=\u00a0\u00bb4.9.7&Prime; _module_preset=\u00a0\u00bbdefault\u00a0\u00bb background_color=\u00a0\u00bbRGBA(0,0,0,0)\u00a0\u00bb width=\u00a0\u00bb100%\u00a0\u00bb module_alignment=\u00a0\u00bbcenter\u00a0\u00bb custom_margin=\u00a0\u00bb0px|0px|0px|0px|false|false\u00a0\u00bb custom_padding=\u00a0\u00bb0px|0px|0px|0px|false|false\u00a0\u00bb][et_pb_column type=\u00a0\u00bb4_4&Prime; _builder_version=\u00a0\u00bb4.9.7&Prime; _module_preset=\u00a0\u00bbdefault\u00a0\u00bb][et_pb_nextend_smart_slider_3 slider=\u00a0\u00bb14&Prime; _builder_version=\u00a0\u00bb4.9.7&Prime; _module_preset=\u00a0\u00bbdefault\u00a0\u00bb][\/et_pb_nextend_smart_slider_3][et_pb_menu menu_style=\u00a0\u00bbinline_centered_logo\u00a0\u00bb active_link_color=\u00a0\u00bb#E02B20&Prime; dropdown_menu_line_color=\u00a0\u00bb#E02B20&Prime; dropdown_menu_text_color=\u00a0\u00bb#000000&Prime; dropdown_menu_active_link_color=\u00a0\u00bb#E02B20&Prime; mobile_menu_text_color=\u00a0\u00bb#000000&Prime; _builder_version=\u00a0\u00bb4.9.7&Prime; _module_preset=\u00a0\u00bbdefault\u00a0\u00bb menu_font=\u00a0\u00bbAkronim|||on|||||\u00a0\u00bb menu_text_color=\u00a0\u00bb#000000&Prime; menu_font_size=\u00a0\u00bb25px\u00a0\u00bb menu_letter_spacing=\u00a0\u00bb2px\u00a0\u00bb menu_line_height=\u00a0\u00bb1.5em\u00a0\u00bb min_height=\u00a0\u00bb55px\u00a0\u00bb custom_margin=\u00a0\u00bb7px||25px||false|false\u00a0\u00bb animation_style=\u00a0\u00bbfade\u00a0\u00bb animation_duration=\u00a0\u00bb1600ms\u00a0\u00bb animation_delay=\u00a0\u00bb300ms\u00a0\u00bb animation_starting_opacity=\u00a0\u00bb10%\u00a0\u00bb hover_enabled=\u00a0\u00bb0&Prime; sticky_enabled=\u00a0\u00bb0&Prime;][\/et_pb_menu][\/et_pb_column][\/et_pb_row][\/et_pb_section][et_pb_section fb_built=\u00a0\u00bb1&Prime; _builder_version=\u00a0\u00bb4.9.7&Prime; _module_preset=\u00a0\u00bbdefault\u00a0\u00bb width=\u00a0\u00bb100%\u00a0\u00bb overflow-x=\u00a0\u00bbhidden\u00a0\u00bb custom_margin=\u00a0\u00bb0px|0px|0px|0px|false|false\u00a0\u00bb custom_padding=\u00a0\u00bb0px|0px|0px|0px|false|false\u00a0\u00bb][et_pb_row _builder_version=\u00a0\u00bb4.9.7&Prime; _module_preset=\u00a0\u00bbdefault\u00a0\u00bb width=\u00a0\u00bb100%\u00a0\u00bb module_alignment=\u00a0\u00bbcenter\u00a0\u00bb custom_margin=\u00a0\u00bb-30px|0px|0px|0px|false|false\u00a0\u00bb custom_padding=\u00a0\u00bb0px|0px|0px|0px|false|false\u00a0\u00bb][et_pb_column type=\u00a0\u00bb4_4&Prime; [&hellip;]<\/p>\n","protected":false},"author":2,"featured_media":0,"parent":0,"menu_order":0,"comment_status":"closed","ping_status":"closed","template":"","meta":{"_et_pb_use_builder":"on","_et_pb_old_content":"","_et_gb_content_width":"","footnotes":""},"class_list":["post-298","page","type-page","status-publish","hentry"],"_links":{"self":[{"href":"https:\/\/fous-de-garonne.com\/index.php?rest_route=\/wp\/v2\/pages\/298","targetHints":{"allow":["GET"]}}],"collection":[{"href":"https:\/\/fous-de-garonne.com\/index.php?rest_route=\/wp\/v2\/pages"}],"about":[{"href":"https:\/\/fous-de-garonne.com\/index.php?rest_route=\/wp\/v2\/types\/page"}],"author":[{"embeddable":true,"href":"https:\/\/fous-de-garonne.com\/index.php?rest_route=\/wp\/v2\/users\/2"}],"replies":[{"embeddable":true,"href":"https:\/\/fous-de-garonne.com\/index.php?rest_route=%2Fwp%2Fv2%2Fcomments&post=298"}],"version-history":[{"count":64,"href":"https:\/\/fous-de-garonne.com\/index.php?rest_route=\/wp\/v2\/pages\/298\/revisions"}],"predecessor-version":[{"id":1375,"href":"https:\/\/fous-de-garonne.com\/index.php?rest_route=\/wp\/v2\/pages\/298\/revisions\/1375"}],"wp:attachment":[{"href":"https:\/\/fous-de-garonne.com\/index.php?rest_route=%2Fwp%2Fv2%2Fmedia&parent=298"}],"curies":[{"name":"wp","href":"https:\/\/api.w.org\/{rel}","templated":true}]}}